{"id":13,"date":"2023-07-17T11:17:10","date_gmt":"2023-07-17T11:17:10","guid":{"rendered":"https:\/\/www.ivi.ac.rs\/?page_id=13"},"modified":"2023-08-07T14:07:56","modified_gmt":"2023-08-07T14:07:56","slug":"our-team","status":"publish","type":"page","link":"https:\/\/ivi.ac.rs\/en\/our-team\/","title":{"rendered":"Our team"},"content":{"rendered":"\n<p>Top experts with different expertise and experience make up our multidisciplinary team. Their diversity creates an inspiring environment that fosters creativity and motivation and promotes the exchange of ideas and innovation.<\/p>\n","protected":false},"excerpt":{"rendered":"<p>Top experts with different expertise and experience make up our multidisciplinary team. Their diversity creates an inspiring environment that fosters creativity and motivation and promotes the exchange of ideas and innovation.<\/p>\n","protected":false},"author":1,"featured_media":0,"parent":0,"menu_order":21,"comment_status":"closed","ping_status":"closed","template":"page-our-team.php","meta":{"footnotes":""},"class_list":["post-13","page","type-page","status-publish","hentry"],"acf":[],"yoast_head":"<!-- This site is optimized with the Yoast SEO plugin v27.3 - https:\/\/yoast.com\/product\/yoast-seo-wordpress\/ -->\n<title>Our team - Istra\u017eiva\u010dko-razvojni institut za ve&scaron;ta\u010dku inteligenciju<\/title>\n<meta name=\"robots\" content=\"index, follow, max-snippet:-1, max-image-preview:large, max-video-preview:-1\" \/>\n<link rel=\"canonical\" href=\"https:\/\/ivi.ac.rs\/en\/our-team\/\" \/>\n<meta property=\"og:locale\" content=\"en_US\" \/>\n<meta property=\"og:type\" content=\"article\" \/>\n<meta property=\"og:title\" content=\"Our team - Istra\u017eiva\u010dko-razvojni institut za ve&scaron;ta\u010dku inteligenciju\" \/>\n<meta property=\"og:description\" content=\"Top experts with different expertise and experience make up our multidisciplinary team. Their diversity creates an inspiring environment that fosters creativity and motivation and promotes the exchange of ideas and innovation.\" \/>\n<meta property=\"og:url\" content=\"https:\/\/ivi.ac.rs\/en\/our-team\/\" \/>\n<meta property=\"og:site_name\" content=\"Istra\u017eiva\u010dko-razvojni institut za ve&scaron;ta\u010dku inteligenciju\" \/>\n<meta property=\"article:modified_time\" content=\"2023-08-07T14:07:56+00:00\" \/>\n<meta name=\"twitter:card\" content=\"summary_large_image\" \/>\n<meta name=\"twitter:label1\" content=\"Est. reading time\" \/>\n\t<meta name=\"twitter:data1\" content=\"1 minute\" \/>\n<script type=\"application\/ld+json\" class=\"yoast-schema-graph\">{\"@context\":\"https:\\\/\\\/schema.org\",\"@graph\":[{\"@type\":\"WebPage\",\"@id\":\"https:\\\/\\\/ivi.ac.rs\\\/en\\\/our-team\\\/\",\"url\":\"https:\\\/\\\/ivi.ac.rs\\\/en\\\/our-team\\\/\",\"name\":\"Our team - Istra\u017eiva\u010dko-razvojni institut za ve&scaron;ta\u010dku inteligenciju\",\"isPartOf\":{\"@id\":\"https:\\\/\\\/ivi.ac.rs\\\/en\\\/#website\"},\"datePublished\":\"2023-07-17T11:17:10+00:00\",\"dateModified\":\"2023-08-07T14:07:56+00:00\",\"inLanguage\":\"en-US\",\"potentialAction\":[{\"@type\":\"ReadAction\",\"target\":[\"https:\\\/\\\/ivi.ac.rs\\\/en\\\/our-team\\\/\"]}]},{\"@type\":\"WebSite\",\"@id\":\"https:\\\/\\\/ivi.ac.rs\\\/en\\\/#website\",\"url\":\"https:\\\/\\\/ivi.ac.rs\\\/en\\\/\",\"name\":\"Istra\u017eiva\u010dko-razvojni institut za ve&scaron;ta\u010dku inteligenciju\",\"description\":\"\",\"potentialAction\":[{\"@type\":\"SearchAction\",\"target\":{\"@type\":\"EntryPoint\",\"urlTemplate\":\"https:\\\/\\\/ivi.ac.rs\\\/en\\\/?s={search_term_string}\"},\"query-input\":{\"@type\":\"PropertyValueSpecification\",\"valueRequired\":true,\"valueName\":\"search_term_string\"}}],\"inLanguage\":\"en-US\"}]}<\/script>\n<!-- \/ Yoast SEO plugin. -->","yoast_head_json":{"title":"Our team - Istra\u017eiva\u010dko-razvojni institut za ve&scaron;ta\u010dku inteligenciju","robots":{"index":"index","follow":"follow","max-snippet":"max-snippet:-1","max-image-preview":"max-image-preview:large","max-video-preview":"max-video-preview:-1"},"canonical":"https:\/\/ivi.ac.rs\/en\/our-team\/","og_locale":"en_US","og_type":"article","og_title":"Our team - Istra\u017eiva\u010dko-razvojni institut za ve&scaron;ta\u010dku inteligenciju","og_description":"Top experts with different expertise and experience make up our multidisciplinary team. Their diversity creates an inspiring environment that fosters creativity and motivation and promotes the exchange of ideas and innovation.","og_url":"https:\/\/ivi.ac.rs\/en\/our-team\/","og_site_name":"Istra\u017eiva\u010dko-razvojni institut za ve&scaron;ta\u010dku inteligenciju","article_modified_time":"2023-08-07T14:07:56+00:00","twitter_card":"summary_large_image","twitter_misc":{"Est. reading time":"1 minute"},"schema":{"@context":"https:\/\/schema.org","@graph":[{"@type":"WebPage","@id":"https:\/\/ivi.ac.rs\/en\/our-team\/","url":"https:\/\/ivi.ac.rs\/en\/our-team\/","name":"Our team - Istra\u017eiva\u010dko-razvojni institut za ve&scaron;ta\u010dku inteligenciju","isPartOf":{"@id":"https:\/\/ivi.ac.rs\/en\/#website"},"datePublished":"2023-07-17T11:17:10+00:00","dateModified":"2023-08-07T14:07:56+00:00","inLanguage":"en-US","potentialAction":[{"@type":"ReadAction","target":["https:\/\/ivi.ac.rs\/en\/our-team\/"]}]},{"@type":"WebSite","@id":"https:\/\/ivi.ac.rs\/en\/#website","url":"https:\/\/ivi.ac.rs\/en\/","name":"Istra\u017eiva\u010dko-razvojni institut za ve&scaron;ta\u010dku inteligenciju","description":"","potentialAction":[{"@type":"SearchAction","target":{"@type":"EntryPoint","urlTemplate":"https:\/\/ivi.ac.rs\/en\/?s={search_term_string}"},"query-input":{"@type":"PropertyValueSpecification","valueRequired":true,"valueName":"search_term_string"}}],"inLanguage":"en-US"}]}},"_links":{"self":[{"href":"https:\/\/ivi.ac.rs\/en\/wp-json\/wp\/v2\/pages\/13","targetHints":{"allow":["GET"]}}],"collection":[{"href":"https:\/\/ivi.ac.rs\/en\/wp-json\/wp\/v2\/pages"}],"about":[{"href":"https:\/\/ivi.ac.rs\/en\/wp-json\/wp\/v2\/types\/page"}],"author":[{"embeddable":true,"href":"https:\/\/ivi.ac.rs\/en\/wp-json\/wp\/v2\/users\/1"}],"replies":[{"embeddable":true,"href":"https:\/\/ivi.ac.rs\/en\/wp-json\/wp\/v2\/comments?post=13"}],"version-history":[{"count":6,"href":"https:\/\/ivi.ac.rs\/en\/wp-json\/wp\/v2\/pages\/13\/revisions"}],"predecessor-version":[{"id":655,"href":"https:\/\/ivi.ac.rs\/en\/wp-json\/wp\/v2\/pages\/13\/revisions\/655"}],"wp:attachment":[{"href":"https:\/\/ivi.ac.rs\/en\/wp-json\/wp\/v2\/media?parent=13"}],"curies":[{"name":"wp","href":"https:\/\/api.w.org\/{rel}","templated":true}]}}